{"id":2122,"date":"2025-02-05T10:40:25","date_gmt":"2025-02-05T09:40:25","guid":{"rendered":"https:\/\/gurtner25.greenchili.ch\/voegele\/"},"modified":"2026-01-07T07:48:44","modified_gmt":"2026-01-07T06:48:44","slug":"voegele","status":"publish","type":"page","link":"https:\/\/gurtner25.greenchili.ch\/fr\/voegele\/","title":{"rendered":"V\u00f6gele"},"content":{"rendered":"\t\t<div data-elementor-type=\"wp-page\" data-elementor-id=\"2122\" class=\"elementor elementor-2122 elementor-333\" data-elementor-post-type=\"page\">\n\t\t\t\t<div class=\"elementor-element elementor-element-d80b168 e-con-full e-flex e-con e-parent\" data-id=\"d80b168\" data-element_type=\"container\" data-e-type=\"container\">\n\t\t\t\t<div class=\"elementor-element elementor-element-26720b7 elementor--v-position-bottom elementor--h-position-center elementor-arrows-position-inside elementor-pagination-position-inside elementor-widget elementor-widget-slides\" data-id=\"26720b7\" data-element_type=\"widget\" data-e-type=\"widget\" data-settings=\"{&quot;navigation&quot;:&quot;both&quot;,&quot;transition&quot;:&quot;slide&quot;,&quot;transition_speed&quot;:500}\" data-widget_type=\"slides.default\">\n\t\t\t\t<div class=\"elementor-widget-container\">\n\t\t\t\t\t\t\t\t\t<div class=\"elementor-swiper\">\n\t\t\t\t\t<div class=\"elementor-slides-wrapper elementor-main-swiper swiper\" role=\"region\" aria-roledescription=\"carousel\" aria-label=\"Slider Startseite\" dir=\"ltr\" data-animation=\"zoomIn\">\n\t\t\t\t<div class=\"swiper-wrapper elementor-slides\">\n\t\t\t\t\t\t\t\t\t\t<div class=\"elementor-repeater-item-62fb13d swiper-slide\" role=\"group\" aria-roledescription=\"slide\"><div class=\"swiper-slide-bg elementor-ken-burns elementor-ken-burns--in\" role=\"img\" aria-label=\"header-voegele\"><\/div><div class=\"swiper-slide-inner\" ><div class=\"swiper-slide-contents\"><div class=\"elementor-slide-heading\">Vous souhaitez obtenir plus d'informations ?<br>Nous nous ferons un plaisir de vous conseiller.<\/div><a href=\"mailto:info@gurtner-baumaschinen.ch\" class=\"elementor-button elementor-slide-button elementor-size-sm\">Prendre contact<\/a><\/div><\/div><\/div>\t\t\t\t<\/div>\n\t\t\t\t\t\t\t<\/div>\n\t\t\t\t<\/div>\n\t\t\t\t\t\t\t\t<\/div>\n\t\t\t\t<\/div>\n\t\t\t\t<\/div>\n\t\t<div class=\"elementor-element elementor-element-c19c9c9 e-flex e-con-boxed e-con e-parent\" data-id=\"c19c9c9\" data-element_type=\"container\" data-e-type=\"container\" data-settings=\"{&quot;background_background&quot;:&quot;classic&quot;}\">\n\t\t\t\t\t<div class=\"e-con-inner\">\n\t\t\t\t<div class=\"elementor-element elementor-element-f25b553 elementor-widget elementor-widget-text-editor\" data-id=\"f25b553\" data-element_type=\"widget\" data-e-type=\"widget\" data-widget_type=\"text-editor.default\">\n\t\t\t\t<div class=\"elementor-widget-container\">\n\t\t\t\t\t\t\t\t\t<h1>V\u00f6gele<\/h1><p>La soci\u00e9t\u00e9 <strong>Joseph V\u00f6gele AG<\/strong> de Ludwigshafen est sp\u00e9cialis\u00e9e dans les finisseurs de routes, les tables extensibles et les alimentateurs. Le finisseur donne le rythme \u00e0 chaque projet de construction de route. Une machine qui fonctionne bien, fournit une qualit\u00e9 \u00e9lev\u00e9e et offre une commande intuitive, permet de cr\u00e9er les meilleures routes du monde. V\u00f6gele est \u00e0 la hauteur de cette exigence \u2013 avec une \u00e9quipe tr\u00e8s motiv\u00e9e, une philosophie d\u2019entreprise ax\u00e9e sur la r\u00e9ussite des clients et, enfin et surtout, la plus vaste gamme de produits de finisseurs, de tables extensibles et d\u2019alimentateurs.   <\/p><p>La gamme s\u2019\u00e9tend des finisseurs de la Mini Class aux machines de Highway Class et de 50 cm \u00e0 18 m de largeur de pose. Avec cette diversit\u00e9, V\u00f6gele d\u00e9montre de mani\u00e8re impressionnante que l\u2019entreprise ne se contente pas de fabriquer des produits, mais qu\u2019elle propose des solutions qui aident les clients \u00e0 prendre de l\u2019avance sur la concurrence et \u00e0 r\u00e9ussir. Avec une tradition de plus de 180 ans, V\u00f6gele compte parmi les plus anciennes entreprises industrielles d\u2019Allemagne toujours en activit\u00e9.  <\/p>\t\t\t\t\t\t\t\t<\/div>\n\t\t\t\t<\/div>\n\t\t\t\t\t<\/div>\n\t\t\t\t<\/div>\n\t\t<div class=\"elementor-element elementor-element-44eb87b e-flex e-con-boxed e-con e-parent\" data-id=\"44eb87b\" data-element_type=\"container\" data-e-type=\"container\" data-settings=\"{&quot;background_background&quot;:&quot;classic&quot;}\">\n\t\t\t\t\t<div class=\"e-con-inner\">\n\t\t<div class=\"elementor-element elementor-element-bda8092 e-con-full e-flex e-con e-child\" data-id=\"bda8092\" data-element_type=\"container\" data-e-type=\"container\">\n\t\t\t\t<div class=\"elementor-element elementor-element-ea45f02 elementor-widget elementor-widget-image\" data-id=\"ea45f02\" data-element_type=\"widget\" data-e-type=\"widget\" data-widget_type=\"image.default\">\n\t\t\t\t<div class=\"elementor-widget-container\">\n\t\t\t\t\t\t\t\t\t\t\t\t\t\t\t\t<a href=\"https:\/\/gurtner25.greenchili.ch\/fr\/wirtgen\/\">\n\t\t\t\t\t\t\t<img fetchpriority=\"high\" decoding=\"async\" width=\"1510\" height=\"790\" src=\"https:\/\/gurtner25.greenchili.ch\/wp-content\/uploads\/2025\/02\/voegele-2.webp\" class=\"attachment-full size-full wp-image-681\" alt=\"\" srcset=\"https:\/\/gurtner25.greenchili.ch\/wp-content\/uploads\/2025\/02\/voegele-2.webp 1510w, https:\/\/gurtner25.greenchili.ch\/wp-content\/uploads\/2025\/02\/voegele-2-300x157.webp 300w, https:\/\/gurtner25.greenchili.ch\/wp-content\/uploads\/2025\/02\/voegele-2-1024x536.webp 1024w, https:\/\/gurtner25.greenchili.ch\/wp-content\/uploads\/2025\/02\/voegele-2-768x402.webp 768w\" sizes=\"(max-width: 1510px) 100vw, 1510px\" \/>\t\t\t\t\t\t\t\t<\/a>\n\t\t\t\t\t\t\t\t\t\t\t\t\t\t\t<\/div>\n\t\t\t\t<\/div>\n\t\t\t\t<\/div>\n\t\t\t\t\t<\/div>\n\t\t\t\t<\/div>\n\t\t<div class=\"elementor-element elementor-element-1114e3d e-flex e-con-boxed e-con e-parent\" data-id=\"1114e3d\" data-element_type=\"container\" data-e-type=\"container\">\n\t\t\t\t\t<div class=\"e-con-inner\">\n\t\t<div class=\"elementor-element elementor-element-3e64347 e-con-full e-flex e-con e-child\" data-id=\"3e64347\" data-element_type=\"container\" data-e-type=\"container\">\n\t\t\t\t<div class=\"elementor-element elementor-element-6a62b88 elementor-cta--skin-cover elementor-animated-content elementor-widget elementor-widget-call-to-action\" data-id=\"6a62b88\" data-element_type=\"widget\" data-e-type=\"widget\" data-widget_type=\"call-to-action.default\">\n\t\t\t\t<div class=\"elementor-widget-container\">\n\t\t\t\t\t\t\t<a class=\"elementor-cta\" href=\"https:\/\/www.wirtgen-group.com\/fr-ch\/actualites-et-medias\/voegele\/mt-3000-3i-standard-et-offset\/?q=ngd\" target=\"_blank\">\n\t\t\t\t\t<div class=\"elementor-cta__bg-wrapper\">\n\t\t\t\t<div class=\"elementor-cta__bg elementor-bg\" style=\"background-image: url(https:\/\/gurtner25.greenchili.ch\/wp-content\/uploads\/2025\/02\/c1c1c1-grau.webp);\" role=\"img\" aria-label=\"c1c1c1-grau\"><\/div>\n\t\t\t\t<div class=\"elementor-cta__bg-overlay\"><\/div>\n\t\t\t<\/div>\n\t\t\t\t\t\t\t<div class=\"elementor-cta__content\">\n\t\t\t\t\n\t\t\t\t\t\t\t\t\t<h2 class=\"elementor-cta__title elementor-cta__content-item elementor-content-item elementor-animated-item--shrink\">\n\t\t\t\t\t\tFinisseurs de routes\t\t\t\t\t<\/h2>\n\t\t\t\t\n\t\t\t\t\n\t\t\t\t\t\t\t<\/div>\n\t\t\t\t\t\t<\/a>\n\t\t\t\t\t\t<\/div>\n\t\t\t\t<\/div>\n\t\t\t\t<\/div>\n\t\t<div class=\"elementor-element elementor-element-95ea6b8 e-con-full e-flex e-con e-child\" data-id=\"95ea6b8\" data-element_type=\"container\" data-e-type=\"container\">\n\t\t\t\t<div class=\"elementor-element elementor-element-d6292e5 elementor-cta--skin-cover elementor-animated-content elementor-widget elementor-widget-call-to-action\" data-id=\"d6292e5\" data-element_type=\"widget\" data-e-type=\"widget\" data-widget_type=\"call-to-action.default\">\n\t\t\t\t<div class=\"elementor-widget-container\">\n\t\t\t\t\t\t\t<a class=\"elementor-cta\" href=\"https:\/\/www.wirtgen-group.com\/ocs\/de-ch\/wirtgen\/recycler-und-bodenstabilisierer-65-c\/\" target=\"_blank\">\n\t\t\t\t\t<div class=\"elementor-cta__bg-wrapper\">\n\t\t\t\t<div class=\"elementor-cta__bg elementor-bg\" style=\"background-image: url(https:\/\/gurtner25.greenchili.ch\/wp-content\/uploads\/2025\/02\/c1c1c1-grau.webp);\" role=\"img\" aria-label=\"c1c1c1-grau\"><\/div>\n\t\t\t\t<div class=\"elementor-cta__bg-overlay\"><\/div>\n\t\t\t<\/div>\n\t\t\t\t\t\t\t<div class=\"elementor-cta__content\">\n\t\t\t\t\n\t\t\t\t\t\t\t\t\t<h2 class=\"elementor-cta__title elementor-cta__content-item elementor-content-item elementor-animated-item--shrink\">\n\t\t\t\t\t\tAlimentateurs\t\t\t\t\t<\/h2>\n\t\t\t\t\n\t\t\t\t\n\t\t\t\t\t\t\t<\/div>\n\t\t\t\t\t\t<\/a>\n\t\t\t\t\t\t<\/div>\n\t\t\t\t<\/div>\n\t\t\t\t<\/div>\n\t\t<div class=\"elementor-element elementor-element-d83e8f3 e-con-full e-flex e-con e-child\" data-id=\"d83e8f3\" data-element_type=\"container\" data-e-type=\"container\">\n\t\t\t\t<div class=\"elementor-element elementor-element-3934486 elementor-cta--skin-cover elementor-animated-content elementor-widget elementor-widget-call-to-action\" data-id=\"3934486\" data-element_type=\"widget\" data-e-type=\"widget\" data-widget_type=\"call-to-action.default\">\n\t\t\t\t<div class=\"elementor-widget-container\">\n\t\t\t\t\t\t\t<a class=\"elementor-cta\" href=\"https:\/\/www.wirtgen-group.com\/ocs\/de-ch\/voegele\/einbaubohlen-51-c\/\" target=\"_blank\">\n\t\t\t\t\t<div class=\"elementor-cta__bg-wrapper\">\n\t\t\t\t<div class=\"elementor-cta__bg elementor-bg\" style=\"background-image: url(https:\/\/gurtner25.greenchili.ch\/wp-content\/uploads\/2025\/02\/c1c1c1-grau.webp);\" role=\"img\" aria-label=\"c1c1c1-grau\"><\/div>\n\t\t\t\t<div class=\"elementor-cta__bg-overlay\"><\/div>\n\t\t\t<\/div>\n\t\t\t\t\t\t\t<div class=\"elementor-cta__content\">\n\t\t\t\t\n\t\t\t\t\t\t\t\t\t<h2 class=\"elementor-cta__title elementor-cta__content-item elementor-content-item elementor-animated-item--shrink\">\n\t\t\t\t\t\tTables extensibles\t\t\t\t\t<\/h2>\n\t\t\t\t\n\t\t\t\t\n\t\t\t\t\t\t\t<\/div>\n\t\t\t\t\t\t<\/a>\n\t\t\t\t\t\t<\/div>\n\t\t\t\t<\/div>\n\t\t\t\t<\/div>\n\t\t\t\t\t<\/div>\n\t\t\t\t<\/div>\n\t\t<div class=\"elementor-element elementor-element-5531da5 e-flex e-con-boxed e-con e-parent\" data-id=\"5531da5\" data-element_type=\"container\" data-e-type=\"container\" data-settings=\"{&quot;background_background&quot;:&quot;classic&quot;}\">\n\t\t\t\t\t<div class=\"e-con-inner\">\n\t\t<div class=\"elementor-element elementor-element-9bd2f1f e-con-full e-flex e-con e-child\" data-id=\"9bd2f1f\" data-element_type=\"container\" data-e-type=\"container\">\n\t\t\t\t<div class=\"elementor-element elementor-element-6f6aef4 elementor-widget elementor-widget-text-editor\" data-id=\"6f6aef4\" data-element_type=\"widget\" data-e-type=\"widget\" data-widget_type=\"text-editor.default\">\n\t\t\t\t<div class=\"elementor-widget-container\">\n\t\t\t\t\t\t\t\t\t<h2>Vous souhaitez louer des voitures ?<\/h2><p>Vous devez faire face \u00e0 un probl\u00e8me temporaire ou essayer une voiture de mani\u00e8re flexible ?<br>Profitez de notre service de location.<\/p>\t\t\t\t\t\t\t\t<\/div>\n\t\t\t\t<\/div>\n\t\t\t\t<div class=\"elementor-element elementor-element-2fe18ea elementor-widget elementor-widget-button\" data-id=\"2fe18ea\" data-element_type=\"widget\" data-e-type=\"widget\" data-widget_type=\"button.default\">\n\t\t\t\t<div class=\"elementor-widget-container\">\n\t\t\t\t\t\t\t\t\t<div class=\"elementor-button-wrapper\">\n\t\t\t\t\t<a class=\"elementor-button elementor-button-link elementor-size-sm\" href=\"https:\/\/gurtner25.greenchili.ch\/vermietung\/\">\n\t\t\t\t\t\t<span class=\"elementor-button-content-wrapper\">\n\t\t\t\t\t\t\t\t\t<span class=\"elementor-button-text\">Location<\/span>\n\t\t\t\t\t<\/span>\n\t\t\t\t\t<\/a>\n\t\t\t\t<\/div>\n\t\t\t\t\t\t\t\t<\/div>\n\t\t\t\t<\/div>\n\t\t\t\t<\/div>\n\t\t<div class=\"elementor-element elementor-element-5069728 e-con-full e-flex e-con e-child\" data-id=\"5069728\" data-element_type=\"container\" data-e-type=\"container\">\n\t\t\t\t<div class=\"elementor-element elementor-element-a4c83bb elementor-widget elementor-widget-image\" data-id=\"a4c83bb\" data-element_type=\"widget\" data-e-type=\"widget\" data-widget_type=\"image.default\">\n\t\t\t\t<div class=\"elementor-widget-container\">\n\t\t\t\t\t\t\t\t\t\t\t\t\t\t\t<img decoding=\"async\" width=\"652\" height=\"450\" src=\"https:\/\/gurtner25.greenchili.ch\/wp-content\/uploads\/2025\/02\/zum-mietportal.webp\" class=\"attachment-full size-full wp-image-257\" alt=\"\" srcset=\"https:\/\/gurtner25.greenchili.ch\/wp-content\/uploads\/2025\/02\/zum-mietportal.webp 652w, https:\/\/gurtner25.greenchili.ch\/wp-content\/uploads\/2025\/02\/zum-mietportal-300x207.webp 300w\" sizes=\"(max-width: 652px) 100vw, 652px\" \/>\t\t\t\t\t\t\t\t\t\t\t\t\t\t\t<\/div>\n\t\t\t\t<\/div>\n\t\t\t\t<\/div>\n\t\t\t\t\t<\/div>\n\t\t\t\t<\/div>\n\t\t\t\t<\/div>\n\t\t","protected":false},"excerpt":{"rendered":"<p>Vous souhaitez obtenir plus d&rsquo;informations ?Nous nous ferons un plaisir de vous conseiller.Prendre contact V\u00f6gele La soci\u00e9t\u00e9 Joseph V\u00f6gele AG de Ludwigshafen est sp\u00e9cialis\u00e9e dans les finisseurs de routes, les tables extensibles et les alimentateurs. Le finisseur donne le rythme \u00e0 chaque projet de construction de route. Une machine qui fonctionne bien, fournit une qualit\u00e9 [&hellip;]<\/p>\n","protected":false},"author":1,"featured_media":0,"parent":0,"menu_order":0,"comment_status":"closed","ping_status":"closed","template":"","meta":{"footnotes":""},"class_list":["post-2122","page","type-page","status-publish","hentry"],"_links":{"self":[{"href":"https:\/\/gurtner25.greenchili.ch\/fr\/wp-json\/wp\/v2\/pages\/2122","targetHints":{"allow":["GET"]}}],"collection":[{"href":"https:\/\/gurtner25.greenchili.ch\/fr\/wp-json\/wp\/v2\/pages"}],"about":[{"href":"https:\/\/gurtner25.greenchili.ch\/fr\/wp-json\/wp\/v2\/types\/page"}],"author":[{"embeddable":true,"href":"https:\/\/gurtner25.greenchili.ch\/fr\/wp-json\/wp\/v2\/users\/1"}],"replies":[{"embeddable":true,"href":"https:\/\/gurtner25.greenchili.ch\/fr\/wp-json\/wp\/v2\/comments?post=2122"}],"version-history":[{"count":15,"href":"https:\/\/gurtner25.greenchili.ch\/fr\/wp-json\/wp\/v2\/pages\/2122\/revisions"}],"predecessor-version":[{"id":2897,"href":"https:\/\/gurtner25.greenchili.ch\/fr\/wp-json\/wp\/v2\/pages\/2122\/revisions\/2897"}],"wp:attachment":[{"href":"https:\/\/gurtner25.greenchili.ch\/fr\/wp-json\/wp\/v2\/media?parent=2122"}],"curies":[{"name":"wp","href":"https:\/\/api.w.org\/{rel}","templated":true}]}}