{"id":2130,"date":"2025-02-05T10:40:25","date_gmt":"2025-02-05T09:40:25","guid":{"rendered":"https:\/\/gurtner25.greenchili.ch\/kleemann\/"},"modified":"2026-01-07T07:51:33","modified_gmt":"2026-01-07T06:51:33","slug":"kleemann","status":"publish","type":"page","link":"https:\/\/gurtner25.greenchili.ch\/fr\/kleemann\/","title":{"rendered":"Kleemann"},"content":{"rendered":"\t\t<div data-elementor-type=\"wp-page\" data-elementor-id=\"2130\" class=\"elementor elementor-2130 elementor-339\" data-elementor-post-type=\"page\">\n\t\t\t\t<div class=\"elementor-element elementor-element-906fc8e e-con-full e-flex e-con e-parent\" data-id=\"906fc8e\" data-element_type=\"container\" data-e-type=\"container\">\n\t\t\t\t<div class=\"elementor-element elementor-element-bd6f160 elementor--v-position-bottom elementor--h-position-center elementor-arrows-position-inside elementor-pagination-position-inside elementor-widget elementor-widget-slides\" data-id=\"bd6f160\" data-element_type=\"widget\" data-e-type=\"widget\" data-settings=\"{&quot;navigation&quot;:&quot;both&quot;,&quot;transition&quot;:&quot;slide&quot;,&quot;transition_speed&quot;:500}\" data-widget_type=\"slides.default\">\n\t\t\t\t<div class=\"elementor-widget-container\">\n\t\t\t\t\t\t\t\t\t<div class=\"elementor-swiper\">\n\t\t\t\t\t<div class=\"elementor-slides-wrapper elementor-main-swiper swiper\" role=\"region\" aria-roledescription=\"carousel\" aria-label=\"Slider Startseite\" dir=\"ltr\" data-animation=\"zoomIn\">\n\t\t\t\t<div class=\"swiper-wrapper elementor-slides\">\n\t\t\t\t\t\t\t\t\t\t<div class=\"elementor-repeater-item-62fb13d swiper-slide\" role=\"group\" aria-roledescription=\"slide\"><div class=\"swiper-slide-bg elementor-ken-burns elementor-ken-burns--in\" role=\"img\" aria-label=\"header-kleemann\"><\/div><div class=\"swiper-slide-inner\" ><div class=\"swiper-slide-contents\"><div class=\"elementor-slide-heading\">Vous souhaitez obtenir plus d'informations ?<br>Nous nous ferons un plaisir de vous conseiller.<\/div><a href=\"mailto:info@gurtner-baumaschinen.ch\" class=\"elementor-button elementor-slide-button elementor-size-sm\">Prendre contact<\/a><\/div><\/div><\/div>\t\t\t\t<\/div>\n\t\t\t\t\t\t\t<\/div>\n\t\t\t\t<\/div>\n\t\t\t\t\t\t\t\t<\/div>\n\t\t\t\t<\/div>\n\t\t\t\t<\/div>\n\t\t<div class=\"elementor-element elementor-element-3777dee e-flex e-con-boxed e-con e-parent\" data-id=\"3777dee\" data-element_type=\"container\" data-e-type=\"container\" data-settings=\"{&quot;background_background&quot;:&quot;classic&quot;}\">\n\t\t\t\t\t<div class=\"e-con-inner\">\n\t\t\t\t<div class=\"elementor-element elementor-element-371603f elementor-widget elementor-widget-text-editor\" data-id=\"371603f\" data-element_type=\"widget\" data-e-type=\"widget\" data-widget_type=\"text-editor.default\">\n\t\t\t\t<div class=\"elementor-widget-container\">\n\t\t\t\t\t\t\t\t\t<h1>Kleemann<\/h1><p>La soci\u00e9t\u00e9 <strong>Kleemann GmbH<\/strong> de G\u00f6ppingen, pr\u00e8s de Stuttgart, peut se pr\u00e9valoir d\u2019une histoire de plus de 150 ans. La production des premi\u00e8res installations mobiles de concassage et de criblage a commenc\u00e9 d\u00e8s les ann\u00e9es 1920. \u00c0 partir du milieu des ann\u00e9es 60, l\u2019entreprise se concentre de plus en plus sur la construction d\u2019installations de concassage et de criblage stationnaires et est l\u2019un des pionniers de la construction d\u2019installations mobiles sur chenilles au milieu des ann\u00e9es 80. Les broyeurs mobiles \u00e0 m\u00e2choires, broyeurs mobiles \u00e0 c\u00f4ne, concasseurs mobiles \u00e0 percussion, installations de criblage mobiles et Convoyeurs de terrils mobiles ont \u00e9t\u00e9 sp\u00e9cialement con\u00e7us pour les applications professionnelles dans le secteur des pierres naturelles et du recyclage. Gr\u00e2ce \u00e0 leur <a href=\"https:\/\/www.wirtgen-group.com\/fr-ch\/produits\/kleemann\/technologies\/technique-de-commande\/?q=ngd\" target=\"_blank\" rel=\"noopener\">utilisation intuitive<\/a>, leur conception intelligente et leur efficacit\u00e9 maximale, ces installations \u00e9tablissent de nouvelles normes en mati\u00e8re de productivit\u00e9 et de fiabilit\u00e9.<\/p><p>Kleemann associe les composants technologie, innovation, qualit\u00e9 et service, qui sont d\u00e9cisifs pour le succ\u00e8s, comme aucune autre entreprise. La comp\u00e9tence en mati\u00e8re de processus permet \u00e0 Kleemann d\u2019obtenir un positionnement exceptionnel sur le march\u00e9 des installations mobiles. L\u2019accent est mis sur le b\u00e9n\u00e9fice \u00e9conomique absolu pour l\u2019utilisateur professionnel.<\/p>\t\t\t\t\t\t\t\t<\/div>\n\t\t\t\t<\/div>\n\t\t\t\t\t<\/div>\n\t\t\t\t<\/div>\n\t\t<div class=\"elementor-element elementor-element-eaf07e5 e-flex e-con-boxed e-con e-parent\" data-id=\"eaf07e5\" data-element_type=\"container\" data-e-type=\"container\" data-settings=\"{&quot;background_background&quot;:&quot;classic&quot;}\">\n\t\t\t\t\t<div class=\"e-con-inner\">\n\t\t<div class=\"elementor-element elementor-element-9bd5570 e-con-full e-flex e-con e-child\" data-id=\"9bd5570\" data-element_type=\"container\" data-e-type=\"container\">\n\t\t\t\t<div class=\"elementor-element elementor-element-4a343a7 elementor-widget elementor-widget-image\" data-id=\"4a343a7\" data-element_type=\"widget\" data-e-type=\"widget\" data-widget_type=\"image.default\">\n\t\t\t\t<div class=\"elementor-widget-container\">\n\t\t\t\t\t\t\t\t\t\t\t\t\t\t\t\t<a href=\"https:\/\/gurtner25.greenchili.ch\/wirtgen\/\">\n\t\t\t\t\t\t\t<img fetchpriority=\"high\" decoding=\"async\" width=\"1510\" height=\"790\" src=\"https:\/\/gurtner25.greenchili.ch\/wp-content\/uploads\/2025\/02\/kleemann-2.webp\" class=\"attachment-full size-full wp-image-706\" alt=\"\" srcset=\"https:\/\/gurtner25.greenchili.ch\/wp-content\/uploads\/2025\/02\/kleemann-2.webp 1510w, https:\/\/gurtner25.greenchili.ch\/wp-content\/uploads\/2025\/02\/kleemann-2-300x157.webp 300w, https:\/\/gurtner25.greenchili.ch\/wp-content\/uploads\/2025\/02\/kleemann-2-1024x536.webp 1024w, https:\/\/gurtner25.greenchili.ch\/wp-content\/uploads\/2025\/02\/kleemann-2-768x402.webp 768w\" sizes=\"(max-width: 1510px) 100vw, 1510px\" \/>\t\t\t\t\t\t\t\t<\/a>\n\t\t\t\t\t\t\t\t\t\t\t\t\t\t\t<\/div>\n\t\t\t\t<\/div>\n\t\t\t\t<\/div>\n\t\t\t\t\t<\/div>\n\t\t\t\t<\/div>\n\t\t<div class=\"elementor-element elementor-element-c83c1b8 e-flex e-con-boxed e-con e-parent\" data-id=\"c83c1b8\" data-element_type=\"container\" data-e-type=\"container\">\n\t\t\t\t\t<div class=\"e-con-inner\">\n\t\t<div class=\"elementor-element elementor-element-c080589 e-con-full e-flex e-con e-child\" data-id=\"c080589\" data-element_type=\"container\" data-e-type=\"container\">\n\t\t\t\t<div class=\"elementor-element elementor-element-b096b17 elementor-cta--skin-cover elementor-animated-content elementor-widget elementor-widget-call-to-action\" data-id=\"b096b17\" data-element_type=\"widget\" data-e-type=\"widget\" data-widget_type=\"call-to-action.default\">\n\t\t\t\t<div class=\"elementor-widget-container\">\n\t\t\t\t\t\t\t<a class=\"elementor-cta\" href=\"https:\/\/www.wirtgen-group.com\/ocs\/fr-ch\/kleemann\/broyeur-mobile-a-machoires-80-c\/\" target=\"_blank\">\n\t\t\t\t\t<div class=\"elementor-cta__bg-wrapper\">\n\t\t\t\t<div class=\"elementor-cta__bg elementor-bg\" style=\"background-image: url(https:\/\/gurtner25.greenchili.ch\/wp-content\/uploads\/2025\/02\/c1c1c1-grau.webp);\" role=\"img\" aria-label=\"c1c1c1-grau\"><\/div>\n\t\t\t\t<div class=\"elementor-cta__bg-overlay\"><\/div>\n\t\t\t<\/div>\n\t\t\t\t\t\t\t<div class=\"elementor-cta__content\">\n\t\t\t\t\n\t\t\t\t\t\t\t\t\t<h2 class=\"elementor-cta__title elementor-cta__content-item elementor-content-item elementor-animated-item--shrink\">\n\t\t\t\t\t\tBroyeur mobile \u00e0 m\u00e2choires\t\t\t\t\t<\/h2>\n\t\t\t\t\n\t\t\t\t\n\t\t\t\t\t\t\t<\/div>\n\t\t\t\t\t\t<\/a>\n\t\t\t\t\t\t<\/div>\n\t\t\t\t<\/div>\n\t\t\t\t<\/div>\n\t\t<div class=\"elementor-element elementor-element-40ec286 e-con-full e-flex e-con e-child\" data-id=\"40ec286\" data-element_type=\"container\" data-e-type=\"container\">\n\t\t\t\t<div class=\"elementor-element elementor-element-a27324a elementor-cta--skin-cover elementor-animated-content elementor-widget elementor-widget-call-to-action\" data-id=\"a27324a\" data-element_type=\"widget\" data-e-type=\"widget\" data-widget_type=\"call-to-action.default\">\n\t\t\t\t<div class=\"elementor-widget-container\">\n\t\t\t\t\t\t\t<a class=\"elementor-cta\" href=\"https:\/\/www.wirtgen-group.com\/ocs\/fr-ch\/kleemann\/concasseurs-mobiles-a-percussion-82-c\/\" target=\"_blank\">\n\t\t\t\t\t<div class=\"elementor-cta__bg-wrapper\">\n\t\t\t\t<div class=\"elementor-cta__bg elementor-bg\" style=\"background-image: url(https:\/\/gurtner25.greenchili.ch\/wp-content\/uploads\/2025\/02\/c1c1c1-grau.webp);\" role=\"img\" aria-label=\"c1c1c1-grau\"><\/div>\n\t\t\t\t<div class=\"elementor-cta__bg-overlay\"><\/div>\n\t\t\t<\/div>\n\t\t\t\t\t\t\t<div class=\"elementor-cta__content\">\n\t\t\t\t\n\t\t\t\t\t\t\t\t\t<h2 class=\"elementor-cta__title elementor-cta__content-item elementor-content-item elementor-animated-item--shrink\">\n\t\t\t\t\t\tConcasseurs mobiles \u00e0 percussion\t\t\t\t\t<\/h2>\n\t\t\t\t\n\t\t\t\t\n\t\t\t\t\t\t\t<\/div>\n\t\t\t\t\t\t<\/a>\n\t\t\t\t\t\t<\/div>\n\t\t\t\t<\/div>\n\t\t\t\t<\/div>\n\t\t<div class=\"elementor-element elementor-element-3fc14db e-con-full e-flex e-con e-child\" data-id=\"3fc14db\" data-element_type=\"container\" data-e-type=\"container\">\n\t\t\t\t<div class=\"elementor-element elementor-element-6bf449e elementor-cta--skin-cover elementor-animated-content elementor-widget elementor-widget-call-to-action\" data-id=\"6bf449e\" data-element_type=\"widget\" data-e-type=\"widget\" data-widget_type=\"call-to-action.default\">\n\t\t\t\t<div class=\"elementor-widget-container\">\n\t\t\t\t\t\t\t<a class=\"elementor-cta\" href=\"https:\/\/www.wirtgen-group.com\/ocs\/fr-ch\/kleemann\/installations-de-criblage-mobiles-83-c\/\" target=\"_blank\">\n\t\t\t\t\t<div class=\"elementor-cta__bg-wrapper\">\n\t\t\t\t<div class=\"elementor-cta__bg elementor-bg\" style=\"background-image: url(https:\/\/gurtner25.greenchili.ch\/wp-content\/uploads\/2025\/02\/c1c1c1-grau.webp);\" role=\"img\" aria-label=\"c1c1c1-grau\"><\/div>\n\t\t\t\t<div class=\"elementor-cta__bg-overlay\"><\/div>\n\t\t\t<\/div>\n\t\t\t\t\t\t\t<div class=\"elementor-cta__content\">\n\t\t\t\t\n\t\t\t\t\t\t\t\t\t<h2 class=\"elementor-cta__title elementor-cta__content-item elementor-content-item elementor-animated-item--shrink\">\n\t\t\t\t\t\tInstallations de criblage mobiles\t\t\t\t\t<\/h2>\n\t\t\t\t\n\t\t\t\t\n\t\t\t\t\t\t\t<\/div>\n\t\t\t\t\t\t<\/a>\n\t\t\t\t\t\t<\/div>\n\t\t\t\t<\/div>\n\t\t\t\t<\/div>\n\t\t\t\t\t<\/div>\n\t\t\t\t<\/div>\n\t\t<div class=\"elementor-element elementor-element-77a0ea6 e-flex e-con-boxed e-con e-parent\" data-id=\"77a0ea6\" data-element_type=\"container\" data-e-type=\"container\">\n\t\t\t\t\t<div class=\"e-con-inner\">\n\t\t<div class=\"elementor-element elementor-element-a8df340 e-con-full e-flex e-con e-child\" data-id=\"a8df340\" data-element_type=\"container\" data-e-type=\"container\">\n\t\t\t\t<div class=\"elementor-element elementor-element-a63a3ef elementor-cta--skin-cover elementor-animated-content elementor-widget elementor-widget-call-to-action\" data-id=\"a63a3ef\" data-element_type=\"widget\" data-e-type=\"widget\" data-widget_type=\"call-to-action.default\">\n\t\t\t\t<div class=\"elementor-widget-container\">\n\t\t\t\t\t\t\t<a class=\"elementor-cta\" href=\"https:\/\/www.wirtgen-group.com\/ocs\/fr-ch\/kleemann\/broyeurs-mobiles-a-cone-81-c\/\" target=\"_blank\">\n\t\t\t\t\t<div class=\"elementor-cta__bg-wrapper\">\n\t\t\t\t<div class=\"elementor-cta__bg elementor-bg\" style=\"background-image: url(https:\/\/gurtner25.greenchili.ch\/wp-content\/uploads\/2025\/02\/c1c1c1-grau.webp);\" role=\"img\" aria-label=\"c1c1c1-grau\"><\/div>\n\t\t\t\t<div class=\"elementor-cta__bg-overlay\"><\/div>\n\t\t\t<\/div>\n\t\t\t\t\t\t\t<div class=\"elementor-cta__content\">\n\t\t\t\t\n\t\t\t\t\t\t\t\t\t<h2 class=\"elementor-cta__title elementor-cta__content-item elementor-content-item elementor-animated-item--shrink\">\n\t\t\t\t\t\tBroyeurs mobiles \u00e0 c\u00f4ne\t\t\t\t\t<\/h2>\n\t\t\t\t\n\t\t\t\t\n\t\t\t\t\t\t\t<\/div>\n\t\t\t\t\t\t<\/a>\n\t\t\t\t\t\t<\/div>\n\t\t\t\t<\/div>\n\t\t\t\t<\/div>\n\t\t<div class=\"elementor-element elementor-element-d33725b e-con-full e-flex e-con e-child\" data-id=\"d33725b\" data-element_type=\"container\" data-e-type=\"container\">\n\t\t\t\t<div class=\"elementor-element elementor-element-720cdea elementor-cta--skin-cover elementor-animated-content elementor-widget elementor-widget-call-to-action\" data-id=\"720cdea\" data-element_type=\"widget\" data-e-type=\"widget\" data-widget_type=\"call-to-action.default\">\n\t\t\t\t<div class=\"elementor-widget-container\">\n\t\t\t\t\t\t\t<a class=\"elementor-cta\" href=\"https:\/\/www.wirtgen-group.com\/ocs\/fr-ch\/kleemann\/convoyeurs-de-terrils-mobiles-185-c\/\" target=\"_blank\">\n\t\t\t\t\t<div class=\"elementor-cta__bg-wrapper\">\n\t\t\t\t<div class=\"elementor-cta__bg elementor-bg\" style=\"background-image: url(https:\/\/gurtner25.greenchili.ch\/wp-content\/uploads\/2025\/02\/c1c1c1-grau.webp);\" role=\"img\" aria-label=\"c1c1c1-grau\"><\/div>\n\t\t\t\t<div class=\"elementor-cta__bg-overlay\"><\/div>\n\t\t\t<\/div>\n\t\t\t\t\t\t\t<div class=\"elementor-cta__content\">\n\t\t\t\t\n\t\t\t\t\t\t\t\t\t<h2 class=\"elementor-cta__title elementor-cta__content-item elementor-content-item elementor-animated-item--shrink\">\n\t\t\t\t\t\tConvoyeurs de terrils mobiles\t\t\t\t\t<\/h2>\n\t\t\t\t\n\t\t\t\t\n\t\t\t\t\t\t\t<\/div>\n\t\t\t\t\t\t<\/a>\n\t\t\t\t\t\t<\/div>\n\t\t\t\t<\/div>\n\t\t\t\t<\/div>\n\t\t<div class=\"elementor-element elementor-element-1ef4dbf e-con-full e-flex e-con e-child\" data-id=\"1ef4dbf\" data-element_type=\"container\" data-e-type=\"container\">\n\t\t\t\t<\/div>\n\t\t\t\t\t<\/div>\n\t\t\t\t<\/div>\n\t\t<div class=\"elementor-element elementor-element-8e726e5 e-flex e-con-boxed e-con e-parent\" data-id=\"8e726e5\" data-element_type=\"container\" data-e-type=\"container\" data-settings=\"{&quot;background_background&quot;:&quot;classic&quot;}\">\n\t\t\t\t\t<div class=\"e-con-inner\">\n\t\t<div class=\"elementor-element elementor-element-42f93a0 e-con-full e-flex e-con e-child\" data-id=\"42f93a0\" data-element_type=\"container\" data-e-type=\"container\">\n\t\t\t\t<div class=\"elementor-element elementor-element-a8003cc elementor-widget elementor-widget-text-editor\" data-id=\"a8003cc\" data-element_type=\"widget\" data-e-type=\"widget\" data-widget_type=\"text-editor.default\">\n\t\t\t\t<div class=\"elementor-widget-container\">\n\t\t\t\t\t\t\t\t\t<h2>Vous souhaitez louer des voitures ?<\/h2><p>Vous devez faire face \u00e0 un probl\u00e8me temporaire ou essayer une voiture de mani\u00e8re flexible ?<br>Profitez de notre service de location.<\/p>\t\t\t\t\t\t\t\t<\/div>\n\t\t\t\t<\/div>\n\t\t\t\t<div class=\"elementor-element elementor-element-a8ecd6a elementor-widget elementor-widget-button\" data-id=\"a8ecd6a\" data-element_type=\"widget\" data-e-type=\"widget\" data-widget_type=\"button.default\">\n\t\t\t\t<div class=\"elementor-widget-container\">\n\t\t\t\t\t\t\t\t\t<div class=\"elementor-button-wrapper\">\n\t\t\t\t\t<a class=\"elementor-button elementor-button-link elementor-size-sm\" href=\"https:\/\/gurtner25.greenchili.ch\/vermietung\/\">\n\t\t\t\t\t\t<span class=\"elementor-button-content-wrapper\">\n\t\t\t\t\t\t\t\t\t<span class=\"elementor-button-text\">Location<\/span>\n\t\t\t\t\t<\/span>\n\t\t\t\t\t<\/a>\n\t\t\t\t<\/div>\n\t\t\t\t\t\t\t\t<\/div>\n\t\t\t\t<\/div>\n\t\t\t\t<\/div>\n\t\t<div class=\"elementor-element elementor-element-f8cc895 e-con-full e-flex e-con e-child\" data-id=\"f8cc895\" data-element_type=\"container\" data-e-type=\"container\">\n\t\t\t\t<div class=\"elementor-element elementor-element-2a1c1ef elementor-widget elementor-widget-image\" data-id=\"2a1c1ef\" data-element_type=\"widget\" data-e-type=\"widget\" data-widget_type=\"image.default\">\n\t\t\t\t<div class=\"elementor-widget-container\">\n\t\t\t\t\t\t\t\t\t\t\t\t\t\t\t<img decoding=\"async\" width=\"652\" height=\"450\" src=\"https:\/\/gurtner25.greenchili.ch\/wp-content\/uploads\/2025\/02\/zum-mietportal.webp\" class=\"attachment-full size-full wp-image-257\" alt=\"\" srcset=\"https:\/\/gurtner25.greenchili.ch\/wp-content\/uploads\/2025\/02\/zum-mietportal.webp 652w, https:\/\/gurtner25.greenchili.ch\/wp-content\/uploads\/2025\/02\/zum-mietportal-300x207.webp 300w\" sizes=\"(max-width: 652px) 100vw, 652px\" \/>\t\t\t\t\t\t\t\t\t\t\t\t\t\t\t<\/div>\n\t\t\t\t<\/div>\n\t\t\t\t<\/div>\n\t\t\t\t\t<\/div>\n\t\t\t\t<\/div>\n\t\t\t\t<\/div>\n\t\t","protected":false},"excerpt":{"rendered":"<p>Vous souhaitez obtenir plus d&rsquo;informations ?Nous nous ferons un plaisir de vous conseiller.Prendre contact Kleemann La soci\u00e9t\u00e9 Kleemann GmbH de G\u00f6ppingen, pr\u00e8s de Stuttgart, peut se pr\u00e9valoir d\u2019une histoire de plus de 150 ans. La production des premi\u00e8res installations mobiles de concassage et de criblage a commenc\u00e9 d\u00e8s les ann\u00e9es 1920. \u00c0 partir du milieu [&hellip;]<\/p>\n","protected":false},"author":1,"featured_media":0,"parent":0,"menu_order":0,"comment_status":"closed","ping_status":"closed","template":"","meta":{"footnotes":""},"class_list":["post-2130","page","type-page","status-publish","hentry"],"_links":{"self":[{"href":"https:\/\/gurtner25.greenchili.ch\/fr\/wp-json\/wp\/v2\/pages\/2130","targetHints":{"allow":["GET"]}}],"collection":[{"href":"https:\/\/gurtner25.greenchili.ch\/fr\/wp-json\/wp\/v2\/pages"}],"about":[{"href":"https:\/\/gurtner25.greenchili.ch\/fr\/wp-json\/wp\/v2\/types\/page"}],"author":[{"embeddable":true,"href":"https:\/\/gurtner25.greenchili.ch\/fr\/wp-json\/wp\/v2\/users\/1"}],"replies":[{"embeddable":true,"href":"https:\/\/gurtner25.greenchili.ch\/fr\/wp-json\/wp\/v2\/comments?post=2130"}],"version-history":[{"count":13,"href":"https:\/\/gurtner25.greenchili.ch\/fr\/wp-json\/wp\/v2\/pages\/2130\/revisions"}],"predecessor-version":[{"id":2915,"href":"https:\/\/gurtner25.greenchili.ch\/fr\/wp-json\/wp\/v2\/pages\/2130\/revisions\/2915"}],"wp:attachment":[{"href":"https:\/\/gurtner25.greenchili.ch\/fr\/wp-json\/wp\/v2\/media?parent=2130"}],"curies":[{"name":"wp","href":"https:\/\/api.w.org\/{rel}","templated":true}]}}