{"id":2154,"date":"2025-02-05T10:40:25","date_gmt":"2025-02-05T09:40:25","guid":{"rendered":"https:\/\/gurtner25.greenchili.ch\/mobilhybrid\/"},"modified":"2025-12-08T11:12:42","modified_gmt":"2025-12-08T10:12:42","slug":"mobilhybrid","status":"publish","type":"page","link":"https:\/\/gurtner25.greenchili.ch\/fr\/mobilhybrid\/","title":{"rendered":"MobilHybrid"},"content":{"rendered":"\t\t<div data-elementor-type=\"wp-page\" data-elementor-id=\"2154\" class=\"elementor elementor-2154 elementor-348\" data-elementor-post-type=\"page\">\n\t\t\t\t<div class=\"elementor-element elementor-element-954bd4a e-con-full e-flex e-con e-parent\" data-id=\"954bd4a\" data-element_type=\"container\" data-e-type=\"container\">\n\t\t\t\t<div class=\"elementor-element elementor-element-3ef08b9 elementor--v-position-bottom elementor--h-position-center elementor-arrows-position-inside elementor-pagination-position-inside elementor-widget elementor-widget-slides\" data-id=\"3ef08b9\" data-element_type=\"widget\" data-e-type=\"widget\" data-settings=\"{&quot;navigation&quot;:&quot;both&quot;,&quot;transition&quot;:&quot;slide&quot;,&quot;transition_speed&quot;:500}\" data-widget_type=\"slides.default\">\n\t\t\t\t<div class=\"elementor-widget-container\">\n\t\t\t\t\t\t\t\t\t<div class=\"elementor-swiper\">\n\t\t\t\t\t<div class=\"elementor-slides-wrapper elementor-main-swiper swiper\" role=\"region\" aria-roledescription=\"carousel\" aria-label=\"Slider Startseite\" dir=\"ltr\" data-animation=\"zoomIn\">\n\t\t\t\t<div class=\"swiper-wrapper elementor-slides\">\n\t\t\t\t\t\t\t\t\t\t<div class=\"elementor-repeater-item-62fb13d swiper-slide\" role=\"group\" aria-roledescription=\"slide\"><div class=\"swiper-slide-bg elementor-ken-burns elementor-ken-burns--in\" role=\"img\" aria-label=\"header-mobilhybrid\"><\/div><div class=\"swiper-slide-inner\" ><div class=\"swiper-slide-contents\"><div class=\"elementor-slide-heading\">Vous souhaitez obtenir plus d'informations ?<br>Nous nous ferons un plaisir de vous conseiller.<\/div><a href=\"mailto:info@gurtner-baumaschinen.ch\" class=\"elementor-button elementor-slide-button elementor-size-sm\">Prendre contact<\/a><\/div><\/div><\/div>\t\t\t\t<\/div>\n\t\t\t\t\t\t\t<\/div>\n\t\t\t\t<\/div>\n\t\t\t\t\t\t\t\t<\/div>\n\t\t\t\t<\/div>\n\t\t\t\t<\/div>\n\t\t<div class=\"elementor-element elementor-element-10f82d9 e-flex e-con-boxed e-con e-parent\" data-id=\"10f82d9\" data-element_type=\"container\" data-e-type=\"container\" data-settings=\"{&quot;background_background&quot;:&quot;classic&quot;}\">\n\t\t\t\t\t<div class=\"e-con-inner\">\n\t\t\t\t<div class=\"elementor-element elementor-element-f41a3c0 elementor-widget elementor-widget-text-editor\" data-id=\"f41a3c0\" data-element_type=\"widget\" data-e-type=\"widget\" data-widget_type=\"text-editor.default\">\n\t\t\t\t<div class=\"elementor-widget-container\">\n\t\t\t\t\t\t\t\t\t<h1 class=\"sc-bxDdli bFfmZz pf-e41235c7-3e44e696\" data-pf-type=\"Heading\"><span class=\"sc-bnOPBZ eZtosY pf-e41235c7-b86e3e44\" data-pf-type=\"Text\">MobilHybrid \u2013 le syst\u00e8me de stockage auto suffisante, \u00e9cologique et mobile.<\/span><\/h1><p><span class=\"sc-bnOPBZ eZtosY pf-e41235c7-0fda8928\" data-pf-type=\"Text\">Les syst\u00e8mes intelligents de stockage d&rsquo;\u00e9nergie <strong>MobilHybrid<\/strong> sont repr\u00e9sent\u00e9s en Suisse et au Liechtenstein par <strong>Gurtner Baumaschinen AG<\/strong>, dans la branche <strong>\u00abEnergiesysteme\u00bb<\/strong>.<br><br>Les syst\u00e8mes de stockage sont compatibles avec diff\u00e9rentes sources d&rsquo;\u00e9nergie. Ainsi, l&rsquo;\u00e9nergie peut \u00eatre produite et stock\u00e9e via le r\u00e9seau, le photovolta\u00efque et\/ou des g\u00e9n\u00e9rateurs. \u00c0 cela s&rsquo;ajoute le fait que les batteries utilis\u00e9es sont recyclables \u00e0 99 %.  <\/span><\/p>\t\t\t\t\t\t\t\t<\/div>\n\t\t\t\t<\/div>\n\t\t\t\t<div class=\"elementor-element elementor-element-ab42de7 elementor-widget elementor-widget-image\" data-id=\"ab42de7\" data-element_type=\"widget\" data-e-type=\"widget\" data-widget_type=\"image.default\">\n\t\t\t\t<div class=\"elementor-widget-container\">\n\t\t\t\t\t\t\t\t\t\t\t\t\t\t\t<img fetchpriority=\"high\" decoding=\"async\" width=\"1536\" height=\"383\" src=\"https:\/\/gurtner25.greenchili.ch\/wp-content\/uploads\/2025\/02\/Bild_Geraete_MobilHybrid_quer-1536x383.jpg\" class=\"attachment-1536x1536 size-1536x1536 wp-image-755\" alt=\"\" srcset=\"https:\/\/gurtner25.greenchili.ch\/wp-content\/uploads\/2025\/02\/Bild_Geraete_MobilHybrid_quer-1536x383.jpg 1536w, https:\/\/gurtner25.greenchili.ch\/wp-content\/uploads\/2025\/02\/Bild_Geraete_MobilHybrid_quer-300x75.jpg 300w, https:\/\/gurtner25.greenchili.ch\/wp-content\/uploads\/2025\/02\/Bild_Geraete_MobilHybrid_quer-1024x255.jpg 1024w, https:\/\/gurtner25.greenchili.ch\/wp-content\/uploads\/2025\/02\/Bild_Geraete_MobilHybrid_quer-768x192.jpg 768w, https:\/\/gurtner25.greenchili.ch\/wp-content\/uploads\/2025\/02\/Bild_Geraete_MobilHybrid_quer.jpg 1720w\" sizes=\"(max-width: 1536px) 100vw, 1536px\" \/>\t\t\t\t\t\t\t\t\t\t\t\t\t\t\t<\/div>\n\t\t\t\t<\/div>\n\t\t\t\t\t<\/div>\n\t\t\t\t<\/div>\n\t\t<div class=\"elementor-element elementor-element-55adc0c e-flex e-con-boxed e-con e-parent\" data-id=\"55adc0c\" data-element_type=\"container\" data-e-type=\"container\">\n\t\t\t\t\t<div class=\"e-con-inner\">\n\t\t<div class=\"elementor-element elementor-element-fbe53bf e-con-full e-flex e-con e-child\" data-id=\"fbe53bf\" data-element_type=\"container\" data-e-type=\"container\">\n\t\t\t\t<div class=\"elementor-element elementor-element-d24df76 elementor-widget elementor-widget-text-editor\" data-id=\"d24df76\" data-element_type=\"widget\" data-e-type=\"widget\" data-widget_type=\"text-editor.default\">\n\t\t\t\t<div class=\"elementor-widget-container\">\n\t\t\t\t\t\t\t\t\t<p><span class=\"sc-bnOPBZ eZtosY pf-e41235c7-7de53e4a\" data-pf-type=\"Text\">Notre gamme de produits comprend des solutions de stockage d&rsquo;\u00e9lectricit\u00e9 mobiles performantes de diff\u00e9rentes tailles, ainsi que des accumulateurs domestiques pour une alimentation \u00e9lectrique s\u00fbre et auto-suffisante et des installations solaires portables pour produire l&rsquo;\u00e9lectricit\u00e9 directement sur place.<\/span><\/p><p> <\/p><p>Pour plus d&rsquo;informations, veuillez prendre contact avec notre Florian Bechtiger:<\/p><p><strong>Florian Bechtiger<\/strong><br><a href=\"tel:0041793130459\">079 313 04 59<\/a><br><a href=\"mailto:fbe@gurtner-baumaschinen.ch\">fbe@gurtner-baumaschinen.ch<\/a><\/p>\t\t\t\t\t\t\t\t<\/div>\n\t\t\t\t<\/div>\n\t\t\t\t<\/div>\n\t\t<div class=\"elementor-element elementor-element-3a52892 e-con-full e-flex e-con e-child\" data-id=\"3a52892\" data-element_type=\"container\" data-e-type=\"container\">\n\t\t\t\t<div class=\"elementor-element elementor-element-36fc613 elementor-widget elementor-widget-image\" data-id=\"36fc613\" data-element_type=\"widget\" data-e-type=\"widget\" data-widget_type=\"image.default\">\n\t\t\t\t<div class=\"elementor-widget-container\">\n\t\t\t\t\t\t\t\t\t\t\t\t\t\t\t<img decoding=\"async\" width=\"1\" height=\"1\" src=\"https:\/\/gurtner25.greenchili.ch\/wp-content\/uploads\/2025\/02\/logo_website.svg\" class=\"attachment-large size-large wp-image-764\" alt=\"\" \/>\t\t\t\t\t\t\t\t\t\t\t\t\t\t\t<\/div>\n\t\t\t\t<\/div>\n\t\t\t\t<div class=\"elementor-element elementor-element-8365ee3 elementor-widget elementor-widget-button\" data-id=\"8365ee3\" data-element_type=\"widget\" data-e-type=\"widget\" data-widget_type=\"button.default\">\n\t\t\t\t<div class=\"elementor-widget-container\">\n\t\t\t\t\t\t\t\t\t<div class=\"elementor-button-wrapper\">\n\t\t\t\t\t<a class=\"elementor-button elementor-button-link elementor-size-sm\" href=\"\/wp-content\/uploads\/2025\/02\/Pressemitteilung-GBM-MobilHybrid.pdf\" target=\"_blank\">\n\t\t\t\t\t\t<span class=\"elementor-button-content-wrapper\">\n\t\t\t\t\t\t<span class=\"elementor-button-icon\">\n\t\t\t\t<svg aria-hidden=\"true\" class=\"e-font-icon-svg e-fas-file-pdf\" viewBox=\"0 0 384 512\" xmlns=\"http:\/\/www.w3.org\/2000\/svg\"><path d=\"M181.9 256.1c-5-16-4.9-46.9-2-46.9 8.4 0 7.6 36.9 2 46.9zm-1.7 47.2c-7.7 20.2-17.3 43.3-28.4 62.7 18.3-7 39-17.2 62.9-21.9-12.7-9.6-24.9-23.4-34.5-40.8zM86.1 428.1c0 .8 13.2-5.4 34.9-40.2-6.7 6.3-29.1 24.5-34.9 40.2zM248 160h136v328c0 13.3-10.7 24-24 24H24c-13.3 0-24-10.7-24-24V24C0 10.7 10.7 0 24 0h200v136c0 13.2 10.8 24 24 24zm-8 171.8c-20-12.2-33.3-29-42.7-53.8 4.5-18.5 11.6-46.6 6.2-64.2-4.7-29.4-42.4-26.5-47.8-6.8-5 18.3-.4 44.1 8.1 77-11.6 27.6-28.7 64.6-40.8 85.8-.1 0-.1.1-.2.1-27.1 13.9-73.6 44.5-54.5 68 5.6 6.9 16 10 21.5 10 17.9 0 35.7-18 61.1-61.8 25.8-8.5 54.1-19.1 79-23.2 21.7 11.8 47.1 19.5 64 19.5 29.2 0 31.2-32 19.7-43.4-13.9-13.6-54.3-9.7-73.6-7.2zM377 105L279 7c-4.5-4.5-10.6-7-17-7h-6v128h128v-6.1c0-6.3-2.5-12.4-7-16.9zm-74.1 255.3c4.1-2.7-2.5-11.9-42.8-9 37.1 15.8 42.8 9 42.8 9z\"><\/path><\/svg>\t\t\t<\/span>\n\t\t\t\t\t\t\t\t\t<span class=\"elementor-button-text\">Communiqu\u00e9 de presse<\/span>\n\t\t\t\t\t<\/span>\n\t\t\t\t\t<\/a>\n\t\t\t\t<\/div>\n\t\t\t\t\t\t\t\t<\/div>\n\t\t\t\t<\/div>\n\t\t\t\t<\/div>\n\t\t\t\t\t<\/div>\n\t\t\t\t<\/div>\n\t\t<div class=\"elementor-element elementor-element-8e3e5d8 e-flex e-con-boxed e-con e-parent\" data-id=\"8e3e5d8\" data-element_type=\"container\" data-e-type=\"container\">\n\t\t\t\t\t<div class=\"e-con-inner\">\n\t\t<div class=\"elementor-element elementor-element-8820277 e-con-full e-flex e-con e-child\" data-id=\"8820277\" data-element_type=\"container\" data-e-type=\"container\">\n\t\t\t\t<div class=\"elementor-element elementor-element-79ed9ef elementor-cta--skin-cover elementor-animated-content elementor-widget elementor-widget-call-to-action\" data-id=\"79ed9ef\" data-element_type=\"widget\" data-e-type=\"widget\" data-widget_type=\"call-to-action.default\">\n\t\t\t\t<div class=\"elementor-widget-container\">\n\t\t\t\t\t\t\t<a class=\"elementor-cta\" href=\"https:\/\/mobilhybrid.de\/mobile-stromspeicher\/\" target=\"_blank\">\n\t\t\t\t\t<div class=\"elementor-cta__bg-wrapper\">\n\t\t\t\t<div class=\"elementor-cta__bg elementor-bg\" style=\"background-image: url(https:\/\/gurtner25.greenchili.ch\/wp-content\/uploads\/2025\/02\/c1c1c1-grau.webp);\" role=\"img\" aria-label=\"c1c1c1-grau\"><\/div>\n\t\t\t\t<div class=\"elementor-cta__bg-overlay\"><\/div>\n\t\t\t<\/div>\n\t\t\t\t\t\t\t<div class=\"elementor-cta__content\">\n\t\t\t\t\n\t\t\t\t\t\t\t\t\t<h2 class=\"elementor-cta__title elementor-cta__content-item elementor-content-item elementor-animated-item--shrink\">\n\t\t\t\t\t\tMobilHybrid\t\t\t\t\t<\/h2>\n\t\t\t\t\n\t\t\t\t\n\t\t\t\t\t\t\t<\/div>\n\t\t\t\t\t\t<\/a>\n\t\t\t\t\t\t<\/div>\n\t\t\t\t<\/div>\n\t\t\t\t<\/div>\n\t\t<div class=\"elementor-element elementor-element-639be12 e-con-full e-flex e-con e-child\" data-id=\"639be12\" data-element_type=\"container\" data-e-type=\"container\">\n\t\t\t\t<div class=\"elementor-element elementor-element-dd01b78 elementor-cta--skin-cover elementor-animated-content elementor-widget elementor-widget-call-to-action\" data-id=\"dd01b78\" data-element_type=\"widget\" data-e-type=\"widget\" data-widget_type=\"call-to-action.default\">\n\t\t\t\t<div class=\"elementor-widget-container\">\n\t\t\t\t\t\t\t<a class=\"elementor-cta\" href=\"https:\/\/mobilhybrid.de\/heimstromversorgung\/\" target=\"_blank\">\n\t\t\t\t\t<div class=\"elementor-cta__bg-wrapper\">\n\t\t\t\t<div class=\"elementor-cta__bg elementor-bg\" style=\"background-image: url(https:\/\/gurtner25.greenchili.ch\/wp-content\/uploads\/2025\/02\/c1c1c1-grau.webp);\" role=\"img\" aria-label=\"c1c1c1-grau\"><\/div>\n\t\t\t\t<div class=\"elementor-cta__bg-overlay\"><\/div>\n\t\t\t<\/div>\n\t\t\t\t\t\t\t<div class=\"elementor-cta__content\">\n\t\t\t\t\n\t\t\t\t\t\t\t\t\t<h2 class=\"elementor-cta__title elementor-cta__content-item elementor-content-item elementor-animated-item--shrink\">\n\t\t\t\t\t\tHomeHybrid\t\t\t\t\t<\/h2>\n\t\t\t\t\n\t\t\t\t\n\t\t\t\t\t\t\t<\/div>\n\t\t\t\t\t\t<\/a>\n\t\t\t\t\t\t<\/div>\n\t\t\t\t<\/div>\n\t\t\t\t<\/div>\n\t\t<div class=\"elementor-element elementor-element-bbc4ee0 e-con-full e-flex e-con e-child\" data-id=\"bbc4ee0\" data-element_type=\"container\" data-e-type=\"container\">\n\t\t\t\t<div class=\"elementor-element elementor-element-b6c667a elementor-cta--skin-cover elementor-animated-content elementor-widget elementor-widget-call-to-action\" data-id=\"b6c667a\" data-element_type=\"widget\" data-e-type=\"widget\" data-widget_type=\"call-to-action.default\">\n\t\t\t\t<div class=\"elementor-widget-container\">\n\t\t\t\t\t\t\t<a class=\"elementor-cta\" href=\"https:\/\/mobilhybrid.de\/containerhybrid-2\/\" target=\"_blank\">\n\t\t\t\t\t<div class=\"elementor-cta__bg-wrapper\">\n\t\t\t\t<div class=\"elementor-cta__bg elementor-bg\" style=\"background-image: url(https:\/\/gurtner25.greenchili.ch\/wp-content\/uploads\/2025\/02\/c1c1c1-grau.webp);\" role=\"img\" aria-label=\"c1c1c1-grau\"><\/div>\n\t\t\t\t<div class=\"elementor-cta__bg-overlay\"><\/div>\n\t\t\t<\/div>\n\t\t\t\t\t\t\t<div class=\"elementor-cta__content\">\n\t\t\t\t\n\t\t\t\t\t\t\t\t\t<h2 class=\"elementor-cta__title elementor-cta__content-item elementor-content-item elementor-animated-item--shrink\">\n\t\t\t\t\t\tContainerHybrid\t\t\t\t\t<\/h2>\n\t\t\t\t\n\t\t\t\t\n\t\t\t\t\t\t\t<\/div>\n\t\t\t\t\t\t<\/a>\n\t\t\t\t\t\t<\/div>\n\t\t\t\t<\/div>\n\t\t\t\t<\/div>\n\t\t\t\t\t<\/div>\n\t\t\t\t<\/div>\n\t\t<div class=\"elementor-element elementor-element-6b4d4c4 e-flex e-con-boxed e-con e-parent\" data-id=\"6b4d4c4\" data-element_type=\"container\" data-e-type=\"container\">\n\t\t\t\t\t<div class=\"e-con-inner\">\n\t\t<div class=\"elementor-element elementor-element-b3f7159 e-con-full e-flex e-con e-child\" data-id=\"b3f7159\" data-element_type=\"container\" data-e-type=\"container\">\n\t\t\t\t<div class=\"elementor-element elementor-element-3694bdd elementor-cta--skin-cover elementor-animated-content elementor-widget elementor-widget-call-to-action\" data-id=\"3694bdd\" data-element_type=\"widget\" data-e-type=\"widget\" data-widget_type=\"call-to-action.default\">\n\t\t\t\t<div class=\"elementor-widget-container\">\n\t\t\t\t\t\t\t<a class=\"elementor-cta\" href=\"https:\/\/mobilhybrid.de\/solaranlagen\/\" target=\"_blank\">\n\t\t\t\t\t<div class=\"elementor-cta__bg-wrapper\">\n\t\t\t\t<div class=\"elementor-cta__bg elementor-bg\" style=\"background-image: url(https:\/\/gurtner25.greenchili.ch\/wp-content\/uploads\/2025\/02\/c1c1c1-grau.webp);\" role=\"img\" aria-label=\"c1c1c1-grau\"><\/div>\n\t\t\t\t<div class=\"elementor-cta__bg-overlay\"><\/div>\n\t\t\t<\/div>\n\t\t\t\t\t\t\t<div class=\"elementor-cta__content\">\n\t\t\t\t\n\t\t\t\t\t\t\t\t\t<h2 class=\"elementor-cta__title elementor-cta__content-item elementor-content-item elementor-animated-item--shrink\">\n\t\t\t\t\t\tInstallations solaires\t\t\t\t\t<\/h2>\n\t\t\t\t\n\t\t\t\t\n\t\t\t\t\t\t\t<\/div>\n\t\t\t\t\t\t<\/a>\n\t\t\t\t\t\t<\/div>\n\t\t\t\t<\/div>\n\t\t\t\t<\/div>\n\t\t<div class=\"elementor-element elementor-element-c056be8 e-con-full e-flex e-con e-child\" data-id=\"c056be8\" data-element_type=\"container\" data-e-type=\"container\">\n\t\t\t\t<\/div>\n\t\t<div class=\"elementor-element elementor-element-cac389e e-con-full e-flex e-con e-child\" data-id=\"cac389e\" data-element_type=\"container\" data-e-type=\"container\">\n\t\t\t\t<\/div>\n\t\t\t\t\t<\/div>\n\t\t\t\t<\/div>\n\t\t<div class=\"elementor-element elementor-element-b665c99 elementor-hidden-desktop elementor-hidden-tablet_extra elementor-hidden-tablet elementor-hidden-mobile e-flex e-con-boxed e-con e-parent\" data-id=\"b665c99\" data-element_type=\"container\" data-e-type=\"container\" data-settings=\"{&quot;background_background&quot;:&quot;classic&quot;}\">\n\t\t\t\t\t<div class=\"e-con-inner\">\n\t\t<div class=\"elementor-element elementor-element-5cedc73 e-con-full e-flex e-con e-child\" data-id=\"5cedc73\" data-element_type=\"container\" data-e-type=\"container\">\n\t\t\t\t<div class=\"elementor-element elementor-element-0e6427c elementor-widget elementor-widget-text-editor\" data-id=\"0e6427c\" data-element_type=\"widget\" data-e-type=\"widget\" data-widget_type=\"text-editor.default\">\n\t\t\t\t<div class=\"elementor-widget-container\">\n\t\t\t\t\t\t\t\t\t<h2>Vous souhaitez louer des voitures ?<\/h2><p>Vous devez faire face \u00e0 un probl\u00e8me temporaire ou essayer une voiture de mani\u00e8re flexible ?<br>Profitez de notre service de location.<\/p>\t\t\t\t\t\t\t\t<\/div>\n\t\t\t\t<\/div>\n\t\t\t\t<div class=\"elementor-element elementor-element-4a873c4 elementor-widget elementor-widget-button\" data-id=\"4a873c4\" data-element_type=\"widget\" data-e-type=\"widget\" data-widget_type=\"button.default\">\n\t\t\t\t<div class=\"elementor-widget-container\">\n\t\t\t\t\t\t\t\t\t<div class=\"elementor-button-wrapper\">\n\t\t\t\t\t<a class=\"elementor-button elementor-button-link elementor-size-sm\" href=\"https:\/\/gurtner25.greenchili.ch\/vermietung\/\">\n\t\t\t\t\t\t<span class=\"elementor-button-content-wrapper\">\n\t\t\t\t\t\t\t\t\t<span class=\"elementor-button-text\">Vers le portail de location<\/span>\n\t\t\t\t\t<\/span>\n\t\t\t\t\t<\/a>\n\t\t\t\t<\/div>\n\t\t\t\t\t\t\t\t<\/div>\n\t\t\t\t<\/div>\n\t\t\t\t<\/div>\n\t\t<div class=\"elementor-element elementor-element-624864e e-con-full e-flex e-con e-child\" data-id=\"624864e\" data-element_type=\"container\" data-e-type=\"container\">\n\t\t\t\t<div class=\"elementor-element elementor-element-165d4a7 elementor-widget elementor-widget-image\" data-id=\"165d4a7\" data-element_type=\"widget\" data-e-type=\"widget\" data-widget_type=\"image.default\">\n\t\t\t\t<div class=\"elementor-widget-container\">\n\t\t\t\t\t\t\t\t\t\t\t\t\t\t\t<img decoding=\"async\" width=\"652\" height=\"450\" src=\"https:\/\/gurtner25.greenchili.ch\/wp-content\/uploads\/2025\/02\/zum-mietportal.webp\" class=\"attachment-full size-full wp-image-257\" alt=\"\" srcset=\"https:\/\/gurtner25.greenchili.ch\/wp-content\/uploads\/2025\/02\/zum-mietportal.webp 652w, https:\/\/gurtner25.greenchili.ch\/wp-content\/uploads\/2025\/02\/zum-mietportal-300x207.webp 300w\" sizes=\"(max-width: 652px) 100vw, 652px\" \/>\t\t\t\t\t\t\t\t\t\t\t\t\t\t\t<\/div>\n\t\t\t\t<\/div>\n\t\t\t\t<\/div>\n\t\t\t\t\t<\/div>\n\t\t\t\t<\/div>\n\t\t<div class=\"elementor-element elementor-element-407ab10 elementor-hidden-desktop elementor-hidden-tablet_extra elementor-hidden-tablet elementor-hidden-mobile e-flex e-con-boxed e-con e-parent\" data-id=\"407ab10\" data-element_type=\"container\" data-e-type=\"container\" data-settings=\"{&quot;background_background&quot;:&quot;classic&quot;}\">\n\t\t\t\t\t<div class=\"e-con-inner\">\n\t\t\t\t<div class=\"elementor-element elementor-element-20dd1d6 elementor-widget elementor-widget-heading\" data-id=\"20dd1d6\" data-element_type=\"widget\" data-e-type=\"widget\" data-widget_type=\"heading.default\">\n\t\t\t\t<div class=\"elementor-widget-container\">\n\t\t\t\t\t<h2 class=\"elementor-heading-title elementor-size-default\">Financement<\/h2>\t\t\t\t<\/div>\n\t\t\t\t<\/div>\n\t\t\t\t<div class=\"elementor-element elementor-element-63890e0 elementor-widget elementor-widget-text-editor\" data-id=\"63890e0\" data-element_type=\"widget\" data-e-type=\"widget\" data-widget_type=\"text-editor.default\">\n\t\t\t\t<div class=\"elementor-widget-container\">\n\t\t\t\t\t\t\t\t\t<p>D\u00e8s maintenant chez nous \u2013 UBS Partner Leasing<br>Sans acompte \/ dur\u00e9es de 24 \u00e0 60 mois \/ montant max. CHF 200 000.00 <\/p>\t\t\t\t\t\t\t\t<\/div>\n\t\t\t\t<\/div>\n\t\t<div class=\"elementor-element elementor-element-e88b235 e-grid e-con-full e-con e-child\" data-id=\"e88b235\" data-element_type=\"container\" data-e-type=\"container\">\n\t\t\t\t<div class=\"elementor-element elementor-element-4871358 elementor-align-right elementor-mobile-align-right elementor-widget elementor-widget-button\" data-id=\"4871358\" data-element_type=\"widget\" data-e-type=\"widget\" data-widget_type=\"button.default\">\n\t\t\t\t<div class=\"elementor-widget-container\">\n\t\t\t\t\t\t\t\t\t<div class=\"elementor-button-wrapper\">\n\t\t\t\t\t<a class=\"elementor-button elementor-button-link elementor-size-sm\" href=\"tel:0041523200666\">\n\t\t\t\t\t\t<span class=\"elementor-button-content-wrapper\">\n\t\t\t\t\t\t\t\t\t<span class=\"elementor-button-text\">Appeler<\/span>\n\t\t\t\t\t<\/span>\n\t\t\t\t\t<\/a>\n\t\t\t\t<\/div>\n\t\t\t\t\t\t\t\t<\/div>\n\t\t\t\t<\/div>\n\t\t\t\t<div class=\"elementor-element elementor-element-18c8437 elementor-align-left elementor-widget elementor-widget-button\" data-id=\"18c8437\" data-element_type=\"widget\" data-e-type=\"widget\" data-widget_type=\"button.default\">\n\t\t\t\t<div class=\"elementor-widget-container\">\n\t\t\t\t\t\t\t\t\t<div class=\"elementor-button-wrapper\">\n\t\t\t\t\t<a class=\"elementor-button elementor-button-link elementor-size-sm\" href=\"http:\/\/info@gurtner-baumaschinen.ch\">\n\t\t\t\t\t\t<span class=\"elementor-button-content-wrapper\">\n\t\t\t\t\t\t\t\t\t<span class=\"elementor-button-text\"> E-mail <\/span>\n\t\t\t\t\t<\/span>\n\t\t\t\t\t<\/a>\n\t\t\t\t<\/div>\n\t\t\t\t\t\t\t\t<\/div>\n\t\t\t\t<\/div>\n\t\t\t\t<\/div>\n\t\t\t\t\t<\/div>\n\t\t\t\t<\/div>\n\t\t<div class=\"elementor-element elementor-element-24b452c1 e-con-full e-flex e-con e-parent\" data-id=\"24b452c1\" data-element_type=\"container\" data-e-type=\"container\" data-settings=\"{&quot;background_background&quot;:&quot;gradient&quot;}\">\n\t\t\t\t<\/div>\n\t\t\t\t<\/div>\n\t\t","protected":false},"excerpt":{"rendered":"<p>Vous souhaitez obtenir plus d&rsquo;informations ?Nous nous ferons un plaisir de vous conseiller.Prendre contact MobilHybrid \u2013 le syst\u00e8me de stockage auto suffisante, \u00e9cologique et mobile. Les syst\u00e8mes intelligents de stockage d&rsquo;\u00e9nergie MobilHybrid sont repr\u00e9sent\u00e9s en Suisse et au Liechtenstein par Gurtner Baumaschinen AG, dans la branche \u00abEnergiesysteme\u00bb. Les syst\u00e8mes de stockage sont compatibles avec diff\u00e9rentes [&hellip;]<\/p>\n","protected":false},"author":1,"featured_media":0,"parent":0,"menu_order":0,"comment_status":"closed","ping_status":"closed","template":"","meta":{"footnotes":""},"class_list":["post-2154","page","type-page","status-publish","hentry"],"_links":{"self":[{"href":"https:\/\/gurtner25.greenchili.ch\/fr\/wp-json\/wp\/v2\/pages\/2154","targetHints":{"allow":["GET"]}}],"collection":[{"href":"https:\/\/gurtner25.greenchili.ch\/fr\/wp-json\/wp\/v2\/pages"}],"about":[{"href":"https:\/\/gurtner25.greenchili.ch\/fr\/wp-json\/wp\/v2\/types\/page"}],"author":[{"embeddable":true,"href":"https:\/\/gurtner25.greenchili.ch\/fr\/wp-json\/wp\/v2\/users\/1"}],"replies":[{"embeddable":true,"href":"https:\/\/gurtner25.greenchili.ch\/fr\/wp-json\/wp\/v2\/comments?post=2154"}],"version-history":[{"count":4,"href":"https:\/\/gurtner25.greenchili.ch\/fr\/wp-json\/wp\/v2\/pages\/2154\/revisions"}],"predecessor-version":[{"id":2700,"href":"https:\/\/gurtner25.greenchili.ch\/fr\/wp-json\/wp\/v2\/pages\/2154\/revisions\/2700"}],"wp:attachment":[{"href":"https:\/\/gurtner25.greenchili.ch\/fr\/wp-json\/wp\/v2\/media?parent=2154"}],"curies":[{"name":"wp","href":"https:\/\/api.w.org\/{rel}","templated":true}]}}